{"id":3717,"date":"2021-02-02T18:51:36","date_gmt":"2021-02-02T17:51:36","guid":{"rendered":"https:\/\/ensemble-cantissimo.ch\/?page_id=3717"},"modified":"2021-02-02T19:05:37","modified_gmt":"2021-02-02T18:05:37","slug":"zurich-singing-festival-2020","status":"publish","type":"page","link":"https:\/\/ensemble-cantissimo.ch\/en\/digital-experience\/zurich-singing-festival-2020\/","title":{"rendered":"Zurich Singing Festival 2020"},"content":{"rendered":"<p>[vc_row content_width=&#8221;full-desktop&#8221; bg_overlay_mode=&#8221;color&#8221; el_id=&#8221;1994&#8243;][vc_column width=&#8221;5\/6&#8243; offset=&#8221;vc_col-sm-offset-1&#8243;][gsf_space desktop=&#8221;45&#8243; tablet=&#8221;35&#8243; tablet_portrait=&#8221;30&#8243; mobile_landscape=&#8221;25&#8243; mobile=&#8221;20&#8243;][gsf_heading layout_style=&#8221;style-3&#8243; title=&#8221;WnVyaWNoJTIwU2luZ2luZyUyMEZlc3RpdmFsJTIwMjAyMA==&#8221; title_color=&#8221;#333333&#8243; title_font_size=&#8221;34||30|28|28&#8243; sub_title_font_size=&#8221;25|20|18|18|18&#8243; sub_title_letter_spacing=&#8221;3|px&#8221; css_animation=&#8221;top-to-bottom&#8221; animation_duration=&#8221;2&#8243; el_class=&#8221;&#8221; sub_title=&#8221;digital experience&#8221;][gsf_space desktop=&#8221;90&#8243; tablet=&#8221;70&#8243; tablet_portrait=&#8221;60&#8243; mobile_landscape=&#8221;50&#8243; mobile=&#8221;40&#8243;][\/vc_column][\/vc_row][vc_row content_width=&#8221;full-desktop&#8221; bg_overlay_mode=&#8221;color&#8221; disable_element=&#8221;yes&#8221;][vc_column width=&#8221;5\/6&#8243; offset=&#8221;vc_col-sm-offset-1&#8243;][vc_column_text css_animation=&#8221;top-to-bottom&#8221; animation_duration=&#8221;2&#8243;]F\u00fcr sein 25-j\u00e4hriges Jubil\u00e4um hat das ensemble cantissimo im Jahr 2019 meisterhafte Vertonungen aus dem \u201eHohelied der Liebe\u201c vom Fr\u00fchbarock bis in die Gegenwart hinein ausgew\u00e4hlt und setzt diese in einen stilistisch grenz\u00fcberschreitenden Dialog mit Improvisationen f\u00fcr Querfl\u00f6te.<br \/>\nIm \u201eHohelied Salomons\u201c werden alle Themen der Liebesbeziehung zwischen zwei Menschen, wie etwa Sehnsucht, Zuneigung, Verlassenheit, Erotik und Leidenschaft in Beziehung gesetzt zum Verh\u00e4ltnis zwischen Gott und dem Menschen. Diese Dichtungen geh\u00f6ren \u00fcber ihre Bedeutung als biblische Schriften hinaus zum poetischen Grundschatz der Menschheitskultur und regten durch ihre emotionale und bildreiche Sprache die Fantasie und Kreativit\u00e4t von Komponisten aller m\u00f6glichen Epochen an.[\/vc_column_text][gsf_space desktop=&#8221;90&#8243; tablet=&#8221;70&#8243; tablet_portrait=&#8221;60&#8243; mobile_landscape=&#8221;50&#8243; mobile=&#8221;40&#8243;][\/vc_column][\/vc_row][vc_row content_width=&#8221;full-desktop&#8221; content_placement=&#8221;top&#8221; css_animation=&#8221;left-to-right&#8221; el_id=&#8221;ziegler&#8221;][vc_column width=&#8221;5\/6&#8243; offset=&#8221;vc_col-lg-offset-1 vc_col-lg-10 vc_col-md-offset-1 vc_col-md-10 vc_col-sm-offset-1&#8243;][vc_row_inner][vc_column_inner width=&#8221;1\/4&#8243; offset=&#8221;vc_col-lg-offset-0 vc_col-md-offset-0&#8243;][gsf_heading layout_style=&#8221;style-4&#8243; text_align=&#8221;text-left justify-content-start&#8221; space_between=&#8221;0|px&#8221; title_color=&#8221;#333333&#8243; title_font_size=&#8221;20|16|14|12|10&#8243; css_animation=&#8221;left-to-right&#8221; animation_duration=&#8221;2&#8243; animation_delay=&#8221;1&#8243; el_class=&#8221;&#8221; sub_title=&#8221;Concert&#8221;][gsf_space desktop=&#8221;35&#8243; tablet=&#8221;30&#8243; tablet_portrait=&#8221;25&#8243; mobile_landscape=&#8221;22&#8243; mobile=&#8221;20&#8243;][\/vc_column_inner][vc_column_inner width=&#8221;3\/4&#8243;][gsf_heading layout_style=&#8221;style-5&#8243; text_align=&#8221;text-left justify-content-start&#8221; title=&#8221;TGVjdHVyZS1jb25jZXJ0&#8243; title_color=&#8221;#333333&#8243; title_font_size=&#8221;22|20|18|18|18&#8243; title_line_height=&#8221;1.5|em&#8221; css_animation=&#8221;right-to-left&#8221; animation_duration=&#8221;2&#8243; animation_delay=&#8221;1.5&#8243; el_class=&#8221;&#8221;][gsf_space desktop=&#8221;35&#8243; tablet=&#8221;30&#8243; tablet_portrait=&#8221;25&#8243; mobile_landscape=&#8221;22&#8243; mobile=&#8221;20&#8243;][\/vc_column_inner][\/vc_row_inner][\/vc_column][\/vc_row][vc_row content_width=&#8221;full-desktop&#8221; content_placement=&#8221;top&#8221; css_animation=&#8221;right-to-left&#8221; animation_duration=&#8221;2&#8243; animation_delay=&#8221;2&#8243;][vc_column width=&#8221;5\/6&#8243; offset=&#8221;vc_col-lg-offset-1 vc_col-lg-10 vc_col-md-offset-1 vc_col-md-10 vc_col-sm-offset-1&#8243;][vc_row_inner content_placement=&#8221;top&#8221;][vc_column_inner width=&#8221;1\/4&#8243; offset=&#8221;vc_col-lg-offset-0 vc_col-md-offset-0&#8243;][\/vc_column_inner][vc_column_inner width=&#8221;3\/4&#8243; css=&#8221;.vc_custom_1612284837964{background-image: url(https:\/\/ensemble-cantissimo.ch\/wp-content\/uploads\/2021\/02\/video-bg-gespraechskonzert.png?id=3708) !important;background-position: center !important;background-repeat: no-repeat !important;background-size: contain !important;}&#8221;][gsf_space desktop=&#8221;200&#8243; tablet=&#8221;130&#8243; tablet_portrait=&#8221;80&#8243; mobile_landscape=&#8221;80&#8243; mobile=&#8221;80&#8243;][gsf_video video_style=&#8221;fill&#8221; video_size=&#8221;medium&#8221; link=&#8221;https:\/\/www.youtube.com\/watch?v=1BXKCkSCIZY&#8221; icon_color=&#8221;#ffffff&#8221; icon_bg_hover_color=&#8221;#ffffff&#8221; icon_hover_color=&#8221;#e4573d&#8221;][gsf_space desktop=&#8221;200&#8243; tablet=&#8221;130&#8243; tablet_portrait=&#8221;80&#8243; mobile_landscape=&#8221;80&#8243; mobile=&#8221;80&#8243;][\/vc_column_inner][\/vc_row_inner][vc_row_inner][vc_column_inner][gsf_space desktop=&#8221;35&#8243; tablet=&#8221;30&#8243; tablet_portrait=&#8221;25&#8243; mobile_landscape=&#8221;22&#8243; mobile=&#8221;20&#8243;][\/vc_column_inner][\/vc_row_inner][\/vc_column][\/vc_row][vc_row content_width=&#8221;full-desktop&#8221; content_placement=&#8221;top&#8221; el_id=&#8221;sandstr\u00f6m&#8221;][vc_column width=&#8221;5\/6&#8243; offset=&#8221;vc_col-lg-offset-1 vc_col-lg-10 vc_col-md-offset-1 vc_col-md-10 vc_col-sm-offset-1&#8243;][vc_row_inner][vc_column_inner width=&#8221;1\/4&#8243; offset=&#8221;vc_col-lg-offset-0 vc_col-md-offset-0&#8243;][gsf_heading layout_style=&#8221;style-4&#8243; text_align=&#8221;text-left justify-content-start&#8221; space_between=&#8221;0|px&#8221; title_color=&#8221;#333333&#8243; title_font_size=&#8221;20|16|14|12|10&#8243; css_animation=&#8221;left-to-right&#8221; animation_duration=&#8221;1&#8243; animation_delay=&#8221;0&#8243; sub_title=&#8221;Workshop&#8221;][\/vc_column_inner][vc_column_inner width=&#8221;3\/4&#8243;][gsf_heading layout_style=&#8221;style-5&#8243; text_align=&#8221;text-left justify-content-start&#8221; title=&#8221;V29ya3Nob3AlMjAlRTIlODAlOUVDb25kdWN0aW5nJUUyJTgwJTlD&#8221; title_color=&#8221;#333333&#8243; title_font_size=&#8221;22|20|18|18|18&#8243; title_line_height=&#8221;1.5|em&#8221; css_animation=&#8221;right-to-left&#8221; animation_duration=&#8221;1&#8243; animation_delay=&#8221;0&#8243; el_class=&#8221;&#8221;][gsf_space desktop=&#8221;35&#8243; tablet=&#8221;30&#8243; tablet_portrait=&#8221;25&#8243; mobile_landscape=&#8221;22&#8243; mobile=&#8221;20&#8243;][\/vc_column_inner][\/vc_row_inner][\/vc_column][\/vc_row][vc_row content_width=&#8221;full-desktop&#8221; content_placement=&#8221;top&#8221; css_animation=&#8221;right-to-left&#8221; animation_duration=&#8221;1&#8243; animation_delay=&#8221;0&#8243;][vc_column width=&#8221;5\/6&#8243; offset=&#8221;vc_col-lg-offset-1 vc_col-lg-10 vc_col-md-offset-1 vc_col-md-10 vc_col-sm-offset-1&#8243;][vc_row_inner content_placement=&#8221;top&#8221;][vc_column_inner width=&#8221;1\/4&#8243; offset=&#8221;vc_col-lg-offset-0 vc_col-md-offset-0&#8243;][\/vc_column_inner][vc_column_inner width=&#8221;3\/4&#8243; css=&#8221;.vc_custom_1612284855867{background-image: url(https:\/\/ensemble-cantissimo.ch\/wp-content\/uploads\/2021\/02\/video-bg-dirigieren.png?id=3710) !important;background-position: center !important;background-repeat: no-repeat !important;background-size: contain !important;}&#8221;][gsf_space desktop=&#8221;200&#8243; tablet=&#8221;130&#8243; tablet_portrait=&#8221;80&#8243; mobile_landscape=&#8221;80&#8243; mobile=&#8221;80&#8243;][gsf_video video_style=&#8221;fill&#8221; video_size=&#8221;medium&#8221; link=&#8221;https:\/\/www.youtube.com\/watch?v=qlS2n1OAil4&#8243; icon_color=&#8221;#ffffff&#8221; icon_bg_hover_color=&#8221;#ffffff&#8221; icon_hover_color=&#8221;#e4573d&#8221;][gsf_space desktop=&#8221;200&#8243; tablet=&#8221;130&#8243; tablet_portrait=&#8221;80&#8243; mobile_landscape=&#8221;80&#8243; mobile=&#8221;80&#8243;][\/vc_column_inner][\/vc_row_inner][vc_row_inner][vc_column_inner][gsf_space desktop=&#8221;35&#8243; tablet=&#8221;30&#8243; tablet_portrait=&#8221;25&#8243; mobile_landscape=&#8221;22&#8243; mobile=&#8221;20&#8243;][\/vc_column_inner][\/vc_row_inner][\/vc_column][\/vc_row][vc_row content_width=&#8221;full-desktop&#8221; content_placement=&#8221;top&#8221; disable_element=&#8221;yes&#8221; css=&#8221;.vc_custom_1611850900814{background-color: #f4f3ec !important;}&#8221;][vc_column width=&#8221;5\/6&#8243; offset=&#8221;vc_col-lg-offset-1 vc_col-lg-10 vc_col-md-offset-1 vc_col-md-10 vc_col-sm-offset-1&#8243;][gsf_space desktop=&#8221;45&#8243; tablet=&#8221;35&#8243; tablet_portrait=&#8221;30&#8243; mobile_landscape=&#8221;25&#8243; mobile=&#8221;20&#8243;][gsf_heading title=&#8221;RXMlMjBzcGllbHRlbiUyMGYlQzMlQkNyJTIwU2ll&#8221; title_color=&#8221;#333333&#8243; title_font_size=&#8221;22|20|18|18|18&#8243; css_animation=&#8221;bottom-to-top&#8221;][gsf_space desktop=&#8221;45&#8243; tablet=&#8221;35&#8243; tablet_portrait=&#8221;30&#8243; mobile_landscape=&#8221;25&#8243; mobile=&#8221;20&#8243;][vc_column_text css_animation=&#8221;bottom-to-top&#8221;]<\/p>\n<p style=\"text-align: center;\">Meret Meyer, Lesung<\/p>\n<p style=\"text-align: center;\">Matthias Ziegler, Fl\u00f6te<\/p>\n<p>[\/vc_column_text][gsf_space desktop=&#8221;45&#8243; tablet=&#8221;35&#8243; tablet_portrait=&#8221;30&#8243; mobile_landscape=&#8221;25&#8243; mobile=&#8221;20&#8243;][gsf_heading layout_style=&#8221;style-4&#8243; space_between=&#8221;0|px&#8221; sub_title_letter_spacing=&#8221;3|px&#8221; css_animation=&#8221;bottom-to-top&#8221; sub_title=&#8221;ensemble cantissimo&#8221;][gsf_space desktop=&#8221;20&#8243; tablet=&#8221;18&#8243; tablet_portrait=&#8221;15&#8243; mobile_landscape=&#8221;12&#8243; mobile=&#8221;10&#8243;][vc_column_text css_animation=&#8221;bottom-to-top&#8221;]<\/p>\n<p style=\"text-align: center;\"><strong>Sopran<br \/>\n<\/strong><span lang=\"EN-US\">Iris-Anna Deckert*, Anna Gschwend*, Jin Kim, Deborah Bernet, Margot Roller, Manuela Eichenlaub, Verena Schmidt<\/span><strong><br \/>\n<\/strong><\/p>\n<p style=\"text-align: center;\"><strong>Alt<\/strong><br \/>\n<span lang=\"EN-US\">Rebecca Heudorfer*, Alexandra Busch*, Hana Katsenes, Julia Werner, Ursula Ebner, Mareike Peissner<\/span><\/p>\n<p style=\"text-align: center;\"><strong>Tenor<\/strong><br \/>\n<span lang=\"EN-US\">Berthold Schindler*, Jo Holzwart*, Zacharie Fogal*, Philipp Cla\u00dfen, Akeo Hasegawa, Hannes Wagner<\/span><\/p>\n<p style=\"text-align: center;\"><strong>Bass<\/strong><br \/>\n<span lang=\"SV\">Simon Amend*, Malte Fial*, Andreas Meixner, Matthias Begemann, Roland Faust, Friedemann Luz<\/span><\/p>\n<p style=\"text-align: center;\"><small>(*Solisten)<\/small><\/p>\n<p>[\/vc_column_text][gsf_space desktop=&#8221;45&#8243; tablet=&#8221;35&#8243; tablet_portrait=&#8221;30&#8243; mobile_landscape=&#8221;25&#8243; mobile=&#8221;20&#8243;][gsf_heading layout_style=&#8221;style-4&#8243; space_between=&#8221;0|px&#8221; sub_title_letter_spacing=&#8221;3|px&#8221; css_animation=&#8221;bottom-to-top&#8221; sub_title=&#8221;Dirigent&#8221;][gsf_space desktop=&#8221;20&#8243; tablet=&#8221;18&#8243; tablet_portrait=&#8221;15&#8243; mobile_landscape=&#8221;12&#8243; mobile=&#8221;10&#8243;][vc_column_text css_animation=&#8221;bottom-to-top&#8221;]<\/p>\n<p style=\"text-align: center;\">Markus Utz<\/p>\n<p>[\/vc_column_text][gsf_space desktop=&#8221;45&#8243; tablet=&#8221;35&#8243; tablet_portrait=&#8221;30&#8243; mobile_landscape=&#8221;25&#8243; mobile=&#8221;20&#8243;][\/vc_column][\/vc_row]<\/p>\n","protected":false},"excerpt":{"rendered":"<p>[vc_row content_width=&#8221;full-desktop&#8221; bg_overlay_mode=&#8221;color&#8221; el_id=&#8221;1994&#8243;][vc_column width=&#8221;5\/6&#8243; offset=&#8221;vc_col-sm-offset-1&#8243;][gsf_space desktop=&#8221;45&#8243; tablet=&#8221;35&#8243; tablet_portrait=&#8221;30&#8243; mobile_landscape=&#8221;25&#8243; mobile=&#8221;20&#8243;][gsf_heading layout_style=&#8221;style-3&#8243; title=&#8221;WnVyaWNoJTIwU2luZ2luZyUyMEZlc3RpdmFsJTIwMjAyMA==&#8221; title_color=&#8221;#333333&#8243; title_font_size=&#8221;34||30|28|28&#8243; sub_title_font_size=&#8221;25|20|18|18|18&#8243; sub_title_letter_spacing=&#8221;3|px&#8221; css_animation=&#8221;top-to-bottom&#8221; animation_duration=&#8221;2&#8243; el_class=&#8221;&#8221; sub_title=&#8221;digital experience&#8221;][gsf_space desktop=&#8221;90&#8243; tablet=&#8221;70&#8243; tablet_portrait=&#8221;60&#8243; mobile_landscape=&#8221;50&#8243; mobile=&#8221;40&#8243;][\/vc_column][\/vc_row][vc_row content_width=&#8221;full-desktop&#8221; bg_overlay_mode=&#8221;color&#8221; disable_element=&#8221;yes&#8221;][vc_column width=&#8221;5\/6&#8243; offset=&#8221;vc_col-sm-offset-1&#8243;][vc_column_text css_animation=&#8221;top-to-bottom&#8221; animation_duration=&#8221;2&#8243;]F\u00fcr sein 25-j\u00e4hriges Jubil\u00e4um hat das ensemble cantissimo im Jahr 2019 meisterhafte Vertonungen aus dem \u201eHohelied der Liebe\u201c vom Fr\u00fchbarock bis in [&hellip;]<\/p>\n","protected":false},"author":1,"featured_media":0,"parent":3451,"menu_order":0,"comment_status":"closed","ping_status":"closed","template":"","meta":[],"_links":{"self":[{"href":"https:\/\/ensemble-cantissimo.ch\/en\/wp-json\/wp\/v2\/pages\/3717"}],"collection":[{"href":"https:\/\/ensemble-cantissimo.ch\/en\/wp-json\/wp\/v2\/pages"}],"about":[{"href":"https:\/\/ensemble-cantissimo.ch\/en\/wp-json\/wp\/v2\/types\/page"}],"author":[{"embeddable":true,"href":"https:\/\/ensemble-cantissimo.ch\/en\/wp-json\/wp\/v2\/users\/1"}],"replies":[{"embeddable":true,"href":"https:\/\/ensemble-cantissimo.ch\/en\/wp-json\/wp\/v2\/comments?post=3717"}],"version-history":[{"count":1,"href":"https:\/\/ensemble-cantissimo.ch\/en\/wp-json\/wp\/v2\/pages\/3717\/revisions"}],"predecessor-version":[{"id":3718,"href":"https:\/\/ensemble-cantissimo.ch\/en\/wp-json\/wp\/v2\/pages\/3717\/revisions\/3718"}],"up":[{"embeddable":true,"href":"https:\/\/ensemble-cantissimo.ch\/en\/wp-json\/wp\/v2\/pages\/3451"}],"wp:attachment":[{"href":"https:\/\/ensemble-cantissimo.ch\/en\/wp-json\/wp\/v2\/media?parent=3717"}],"curies":[{"name":"wp","href":"https:\/\/api.w.org\/{rel}","templated":true}]}}